{"id":22,"date":"2021-12-01T17:13:13","date_gmt":"2021-12-01T16:13:13","guid":{"rendered":"https:\/\/podejdz.pl\/?page_id=22"},"modified":"2024-09-30T13:54:42","modified_gmt":"2024-09-30T11:54:42","slug":"regulamin","status":"publish","type":"page","link":"https:\/\/atrakcyjnyfacet.pl\/podejdz-do-niej\/regulamin\/","title":{"rendered":"Regulamin"},"content":{"rendered":"<p><strong>\u00a7 1<\/strong> <strong>POSTANOWIENIA OG\u00d3LNE<\/strong><\/p>\n<ol>\n<li>Sklep www.podejdz.pl dzia\u0142a na zasadach okre\u015blonych w niniejszym Regulaminie.<\/li>\n<li>Regulamin okre\u015bla warunki zawierania i rozwi\u0105zywania Um\u00f3w Sprzeda\u017cy\/Rezerwacji Produktu oraz tryb post\u0119powania reklamacyjnego, a tak\u017ce rodzaje i zakres us\u0142ug \u015bwiadczonych drog\u0105 elektroniczn\u0105 przez Sklep www.podejdz.pl, zasady \u015bwiadczenia tych us\u0142ug, warunki zawierania i rozwi\u0105zywania um\u00f3w o \u015bwiadczenie us\u0142ug drog\u0105 elektroniczn\u0105.<\/li>\n<li>Ka\u017cdy Us\u0142ugobiorca z chwil\u0105 podj\u0119cia czynno\u015bci zmierzaj\u0105cych do korzystania z Us\u0142ug Elektronicznych Sklepu www.podejdz.pl zobowi\u0105zany jest do przestrzegania postanowie\u0144 niniejszego Regulaminu.<\/li>\n<li>W sprawach nieuregulowanych w niniejszym Regulaminie maj\u0105 zastosowanie przepisy:\n<ol>\n<li>Ustawy o \u015bwiadczeniu us\u0142ug drog\u0105 elektroniczn\u0105 z dnia 18 lipca 2002 r.,<\/li>\n<li>Ustawy o prawach konsumenta z dnia 30 maja 2014 r.,<\/li>\n<li>Ustawy o pozas\u0105dowym rozwi\u0105zywaniu spor\u00f3w konsumenckich z dnia 23 wrze\u015bnia 2016 r.,<\/li>\n<li>Ustawy Kodeks cywilny z dnia 23 kwietnia 1964 r. oraz inne w\u0142a\u015bciwe przepisy prawa polskiego.<\/li>\n<\/ol>\n<\/li>\n<\/ol>\n<p><strong>\u00a7 2<\/strong> <strong>DEFINICJE ZAWARTE W REGULAMINIE<\/strong><\/p>\n<ol>\n<li><strong>FORMULARZ KONTAKTOWY<\/strong> \u2013 formularz dost\u0119pny na stronie internetowej www.podejdz.pl umo\u017cliwiaj\u0105cy wys\u0142anie wiadomo\u015bci do Us\u0142ugodawcy.<\/li>\n<li><strong>FORMULARZ<\/strong> <strong>ZAM\u00d3WIENIA\/REZERWACJI<\/strong> \u2013 formularz dost\u0119pny na stronie internetowej www.podejdz.pl umo\u017cliwiaj\u0105cy z\u0142o\u017cenie Zam\u00f3wienia\/Rezerwacji.<\/li>\n<li><strong>KLIENT<\/strong> \u2013 Us\u0142ugobiorca posiadaj\u0105cy pe\u0142n\u0105 zdolno\u015b\u0107 do czynno\u015bci prawnych, kt\u00f3ry zamierza zawrze\u0107 lub zawar\u0142 Umow\u0119 Sprzeda\u017cy ze Sprzedawc\u0105.<\/li>\n<li><strong>KONSUMENT<\/strong> \u2013 osoba fizyczna, kt\u00f3ra dokonuje z przedsi\u0119biorc\u0105 czynno\u015bci prawnej niezwi\u0105zanej bezpo\u015brednio z jej dzia\u0142alno\u015bci\u0105 gospodarcz\u0105 lub zawodow\u0105.<\/li>\n<li><strong>PRODUKT<\/strong> \u2013 dost\u0119pna w Sklepie <strong>us\u0142uga lub Tre\u015b\u0107 Cyfrowa<\/strong>, b\u0119d\u0105ca przedmiotem Umowy Sprzeda\u017cy mi\u0119dzy Klientem a Sprzedawc\u0105.<\/li>\n<li><strong>REGULAMIN<\/strong> \u2013 niniejszy regulamin Sklepu.<\/li>\n<li><strong>SKLEP<\/strong> \u2013 Sklep internetowy Us\u0142ugodawcy dzia\u0142aj\u0105cy pod adresem www.podejdz.pl<\/li>\n<li><strong>SPRZEDAWCA<\/strong>, <strong>US\u0141UGODAWCA<\/strong> \u2013 Firma CFSA58 SP\u00d3\u0141KA Z OGRANICZON\u0104 ODPOWIEDZIALNO\u015aCI\u0104 wpisana do Centralnej Ewidencji i Informacji o Dzia\u0142alno\u015bci Gospodarczej Rzeczypospolitej Polskiej prowadzonej przez ministra w\u0142a\u015bciwego do spraw gospodarki, miejsce wykonywania dzia\u0142alno\u015bci oraz adres do dor\u0119cze\u0144: ul. Nowosielska 46\/32, 15-617 Bia\u0142ystok, NIP: 5423396278, REGON: 385653844, adres poczty elektronicznej (e-mail): kontakt@atrakcyjnyfacet.pl.<\/li>\n<li><strong>UMOWA<\/strong> <strong>SPRZEDA\u017bY<\/strong> \u2013 Umowa Sprzeda\u017cy Produktu zawarta mi\u0119dzy Klientem, a Sprzedawc\u0105 za po\u015brednictwem Sklepu.<\/li>\n<li><strong>TRE\u015aCI CYFROWE <\/strong>\u2013 dane dostarczane przez Sprzedawc\u0119 w formie cyfrowej, do kt\u00f3rych dost\u0119p osi\u0105ga si\u0119 poprzez pobranie na urz\u0105dzenie Klienta.<\/li>\n<li><strong>US\u0141UGA<\/strong> <strong>ELEKTRONICZNA<\/strong> \u2013 us\u0142uga \u015bwiadczona drog\u0105 elektroniczn\u0105 przez Us\u0142ugodawc\u0119 na rzecz Us\u0142ugobiorcy za po\u015brednictwem Sklepu.<\/li>\n<li><strong>US\u0141UGOBIORCA<\/strong> \u2013 osoba fizyczna, osoba prawna albo jednostka organizacyjna nieposiadaj\u0105ca osobowo\u015bci prawnej, kt\u00f3rej ustawa przyznaje zdolno\u015b\u0107 prawn\u0105 korzystaj\u0105ca z Us\u0142ugi Elektronicznej.<\/li>\n<li><strong>ZAM\u00d3WIENIE<\/strong>\/<strong>REZERWACJA <\/strong>\u2013 o\u015bwiadczenie woli Klienta stanowi\u0105ce ofert\u0119 zawarcia Umowy Sprzeda\u017cy Produktu ze Sprzedawc\u0105.<\/li>\n<\/ol>\n<p><strong>\u00a7 3<\/strong> <strong>INFORMACJE DOTYCZ\u0104CE PRODUKT\u00d3W ORAZ ICH ZAMAWIANIA<\/strong><\/p>\n<ol>\n<li>Sklep www.podejdz.pl prowadzi sprzeda\u017c Produkt\u00f3w za po\u015brednictwem sieci Internet.<\/li>\n<li>Produkty oferowane w Sklepie s\u0105\u00a0wolne od wad prawnych i zosta\u0142y legalnie wprowadzone na rynek polski.<\/li>\n<li>Informacje znajduj\u0105ce si\u0119 na stronach internetowych Sklepu nie stanowi\u0105 oferty w rozumieniu przepis\u00f3w prawa. Klient, sk\u0142adaj\u0105c Zam\u00f3wienie, sk\u0142ada ofert\u0119 kupna okre\u015blonego Produktu na warunkach podanych w jego opisie.<\/li>\n<li>Cena Produktu uwidoczniona na stronie internetowej Sklepu podana jest w z\u0142otych polskich (PLN) i zawiera wszystkie sk\u0142adniki, w tym podatek VAT.<\/li>\n<li>Cena Produktu uwidoczniona na stronie Sklepu jest wi\u0105\u017c\u0105ca w chwili z\u0142o\u017cenia przez Klienta Zam\u00f3wienia. Cena ta nie ulegnie zmianie niezale\u017cnie od zmian cen w Sklepie, kt\u00f3re mog\u0105 si\u0119 pojawi\u0107 w odniesieniu do poszczeg\u00f3lnych Produkt\u00f3w po z\u0142o\u017ceniu przez Klienta Zam\u00f3wienia.<\/li>\n<li>Zam\u00f3wienia mo\u017cna sk\u0142ada\u0107:\n<ol>\n<li>poprzez witryn\u0119 internetow\u0105 za pomoc\u0105 Formularza Zam\u00f3wie\u0144 (Sklep www.podejdz.pl) \u2013 24 godziny na dob\u0119 przez ca\u0142y rok,<\/li>\n<li>za po\u015brednictwem poczty elektronicznej na adres: kontakt@atrakcyjnyfacet.pl.<\/li>\n<\/ol>\n<\/li>\n<li>Warunkiem z\u0142o\u017cenia Zam\u00f3wienia w Sklepie przez Klienta jest zapoznanie si\u0119 z Regulaminem i akceptacja jego postanowie\u0144 w czasie sk\u0142adania Zam\u00f3wienia.<\/li>\n<li>Produktami sprzedawanymi w Sklepie s\u0105 us\u0142ugi (szkolenia) oraz Tre\u015bci Cyfrowe. W przypadku zam\u00f3wienia Tre\u015bci Cyfrowej niezapisanej na trwa\u0142ym no\u015bniku jest ona wysy\u0142ana na adres e-mail wskazany przez Klienta w Formularzu Zam\u00f3wienia.<\/li>\n<li>Na stronie Sklepu w Formularzu Rezerwacji szkole\u0144 umieszczona jest informacja dotycz\u0105ca zar\u00f3wno terminu jak i miejsca odbywania szkolenia.<\/li>\n<li>W przypadku, gdy Sprzedawca jest zmuszony, przed rozpocz\u0119ciem wykonania us\u0142ugi stanowi\u0105cej Produkt, z przyczyn od niego niezale\u017cnych, zmieni\u0107 istotne warunki Umowy z Klientem, niezw\u0142ocznie powiadomi o tym Klienta.<\/li>\n<li>W sytuacji, o kt\u00f3rej mowa w pkt 9 niniejszego paragrafu Klient jest zobowi\u0105zany niezw\u0142ocznie poinformowa\u0107 Sprzedawc\u0119, czy:\n<ol>\n<li>przyjmuje proponowan\u0105 zmian\u0119 Umowy albo<\/li>\n<li>odst\u0119puje od Umowy Sprzeda\u017cy za natychmiastowym zwrotem wszystkich wniesionych przez Klienta \u015bwiadcze\u0144 i bez obowi\u0105zku zap\u0142aty jakiejkolwiek kary umownej.<\/li>\n<\/ol>\n<\/li>\n<li>Je\u017celi Klient odst\u0119puje od Umowy Sprzeda\u017cy zgodnie z pkt 10 niniejszego paragrafu lub je\u017celi Sprzedawca odwo\u0142uje wykonanie us\u0142ugi stanowi\u0105cej przedmiot Umowy Sprzeda\u017cy z przyczyn niezale\u017cnych od Klienta, Klient ma prawo, wed\u0142ug swojego wyboru:\n<ol>\n<li>otrzyma\u0107 us\u0142ug\u0119 zast\u0119pcz\u0105 o tym samym lub wy\u017cszym standardzie, chyba \u017ce zgodzi si\u0119 na us\u0142ug\u0119 o ni\u017cszym standardzie za zwrotem r\u00f3\u017cnicy w cenie,<\/li>\n<li>\u017c\u0105da\u0107 natychmiastowego zwrotu wszystkich wniesionych przez niego \u015bwiadcze\u0144.<\/li>\n<\/ol>\n<\/li>\n<li>Sprzedawca odpowiada za niewykonanie lub nienale\u017cyte wykonanie us\u0142ugi stanowi\u0105cej Produkt, chyba \u017ce niewykonanie lub nienale\u017cyte wykonanie jest spowodowane wy\u0142\u0105cznie:\n<ol>\n<li>dzia\u0142aniem lub zaniechaniem Klienta,<\/li>\n<li>dzia\u0142aniem lub zaniechaniem os\u00f3b trzecich, nieuczestnicz\u0105cych w wykonywaniu us\u0142ug przewidzianych w Umowie Sprzeda\u017cy, je\u017celi tych dzia\u0142a\u0144 lub zaniecha\u0144 nie mo\u017cna by\u0142o przewidzie\u0107 ani unikn\u0105\u0107,<\/li>\n<li>si\u0142\u0105 wy\u017csz\u0105 (zdarzenie o charakterze przypadkowym lub naturalnym tj. \u017cywio\u0142owym, nie do unikni\u0119cia, takie, nad kt\u00f3rym Sprzedawca nie panuje, zw\u0142aszcza zdarzenia o charakterze katastrofalnych dzia\u0142a\u0144 przyrody i zdarzenia nadzwyczajne w postaci zaburze\u0144 \u017cycia zbiorowego, jak wojna, zamieszki krajowe, epidemia).<\/li>\n<\/ol>\n<\/li>\n<\/ol>\n<p><strong>\u00a7 4<\/strong> <strong>ZAWARCIE UMOWY SPRZEDA\u017bY<\/strong><\/p>\n<ol>\n<li>Do zawarcia Umowy Sprzeda\u017cy, niezb\u0119dne jest wcze\u015bniejsze z\u0142o\u017cenie przez Klienta Zam\u00f3wienia udost\u0119pnionymi przez Sprzedawc\u0119 sposobami, zgodnie z \u00a7 3 pkt 6 oraz 7.<\/li>\n<li>Po z\u0142o\u017ceniu Zam\u00f3wienia Sprzedawca niezw\u0142ocznie potwierdza jego otrzymanie.<\/li>\n<li>Potwierdzenie przyj\u0119cia Zam\u00f3wienia do realizacji powoduje zwi\u0105zanie Klienta jego Zam\u00f3wieniem. Potwierdzenie otrzymania oraz przyj\u0119cie Zam\u00f3wienia do realizacji nast\u0119puje poprzez przes\u0142anie wiadomo\u015bci e-mail.<\/li>\n<li>Potwierdzenie przyj\u0119cia Zam\u00f3wienia do realizacji zawiera:\n<ol>\n<li>potwierdzenie wszystkich istotnych element\u00f3w Zam\u00f3wienia,<\/li>\n<li>formularz odst\u0105pienia od umowy,<\/li>\n<li>niniejszy Regulamin zawieraj\u0105cy pouczenie o prawie do odst\u0105pienia od umowy.<\/li>\n<\/ol>\n<\/li>\n<li>Z chwil\u0105 otrzymania przez Klienta wiadomo\u015bci e-mail, o kt\u00f3rej mowa w pkt 4 zostaje zawarta Umowa Sprzeda\u017cy mi\u0119dzy Klientem, a Sprzedawc\u0105.<\/li>\n<li>Ka\u017cda Umowa Sprzeda\u017cy b\u0119dzie potwierdzana dowodem zakupu, kt\u00f3ry b\u0119dzie wysy\u0142any w formie elektronicznej na adres e-mail wskazany w Formularzu Zam\u00f3wienia.<\/li>\n<\/ol>\n<p><strong>\u00a7 5<\/strong> <strong>SPOSOBY P\u0141ATNO\u015aCI<\/strong><\/p>\n<ol>\n<li>Sprzedawca udost\u0119pnia nast\u0119puj\u0105ce sposoby p\u0142atno\u015bci:\n<ol>\n<li>p\u0142atno\u015b\u0107 za po\u015brednictwem elektronicznych serwis\u00f3w p\u0142atno\u015bci (PayU.pl, PayPal, Przelewy24.pl).<\/li>\n<\/ol>\n<\/li>\n<li>W przypadku p\u0142atno\u015bci za po\u015brednictwem elektronicznych serwis\u00f3w p\u0142atno\u015bci Klient dokonuje zap\u0142aty przed rozpocz\u0119ciem realizacji Zam\u00f3wienia. Elektroniczne serwisy p\u0142atno\u015bci umo\u017cliwiaj\u0105 dokonanie p\u0142atno\u015bci za pomoc\u0105 karty kredytowej lub szybkiego przelewu z wybranych polskich bank\u00f3w.<\/li>\n<li>Klient zobowi\u0105zany jest do dokonania zap\u0142aty ceny z tytu\u0142u Umowy Sprzeda\u017cy w dniu jej zawarcia, chyba \u017ce Umowa Sprzeda\u017cy stanowi inaczej.<\/li>\n<li>Us\u0142uga zostanie wykonana dopiero po jej op\u0142aceniu.<\/li>\n<\/ol>\n<p><strong>\u00a7 6<\/strong> <strong>REKLAMACJA PRODUKTU<\/strong><\/p>\n<ol>\n<li><strong>Reklamacja z tytu\u0142u r\u0119kojmi.<\/strong>\n<ol>\n<li>Podstawa i zakres odpowiedzialno\u015bci Sprzedawcy wobec Klienta b\u0119d\u0105cego Konsumentem z tytu\u0142u r\u0119kojmi obejmuj\u0105cej wady fizyczne i prawne, s\u0105 okre\u015blone w ustawie Kodeks cywilny z dnia 23 kwietnia 1964 r.<\/li>\n<li>Zawiadomienia o wadach dotycz\u0105cych Produktu oraz zg\u0142oszenie odpowiedniego \u017c\u0105dania mo\u017cna dokona\u0107 za po\u015brednictwem poczty elektronicznej na adres: <strong>kontakt@atrakcyjnyfacet.pl<\/strong>.<\/li>\n<li>W powy\u017cszej wiadomo\u015bci w formie elektronicznej nale\u017cy poda\u0107 jak najwi\u0119cej informacji i okoliczno\u015bci dotycz\u0105cych przedmiotu reklamacji, w szczeg\u00f3lno\u015bci rodzaj i dat\u0119 wyst\u0105pienia nieprawid\u0142owo\u015bci oraz dane kontaktowe. Podane informacje znacznie u\u0142atwi\u0105 i przyspiesz\u0105 rozpatrzenie reklamacji przez Sprzedawc\u0119.<\/li>\n<li>Sprzedawca ustosunkuje si\u0119 do \u017c\u0105dania Klienta niezw\u0142ocznie, nie p\u00f3\u017aniej ni\u017c w terminie 14 dni od momentu zg\u0142oszenia reklamacji.<\/li>\n<li>W przypadku reklamacji Klienta b\u0119d\u0105cego Konsumentem \u2013 nierozpatrzenie reklamacji w terminie 14 dni od jej zg\u0142oszenia jest jednoznaczne z jej uwzgl\u0119dnieniem.<\/li>\n<li>Odpowied\u017a na reklamacj\u0119 jest przekazywana Konsumentowi na papierze lub innym trwa\u0142ym no\u015bniku.<\/li>\n<\/ol>\n<\/li>\n<\/ol>\n<p><strong>\u00a7 7<\/strong> <strong>PRAWO ODST\u0104PIENIA OD UMOWY\u00a0<\/strong><\/p>\n<ol>\n<li>Z zastrze\u017ceniem pkt 4 niniejszego paragrafu, Klient b\u0119d\u0105cy jednocze\u015bnie Konsumentem, kt\u00f3ry zawar\u0142 umow\u0119 na odleg\u0142o\u015b\u0107, mo\u017ce od niej odst\u0105pi\u0107 bez podania przyczyn, sk\u0142adaj\u0105c stosowne o\u015bwiadczenie w terminie 14 dni. Do zachowania tego terminu wystarczy wys\u0142anie udost\u0119pnionego przez Sklep o\u015bwiadczenia o odst\u0105pieniu od umowy.<\/li>\n<li>W razie odst\u0105pienia od umowy, Umowa Sprzeda\u017cy jest uwa\u017cana za niezawart\u0105.<\/li>\n<li>Termin czternastodniowy, w kt\u00f3rym Konsument mo\u017ce odst\u0105pi\u0107 od umowy liczy si\u0119 od dnia, w kt\u00f3rym Konsument obj\u0105\u0142 Produkt w posiadanie, a w przypadku us\u0142ugi od dnia zawarcia umowy.<\/li>\n<li><strong>Prawo odst\u0105pienia od umowy zawartej na odleg\u0142o\u015b\u0107 nie przys\u0142uguje Konsumentowi w wypadku Umowy Sprzeda\u017cy:<\/strong><br \/>\na) <strong>w kt\u00f3rej przedmiotem \u015bwiadczenia jest us\u0142uga, je\u017celi\u00a0Sprzedawca wykona\u0142 w pe\u0142ni us\u0142ug\u0119 za wyra\u017an\u0105 zgod\u0105 Konsumenta, kt\u00f3ry zosta\u0142 poinformowany przed rozpocz\u0119ciem \u015bwiadczenia, \u017ce po spe\u0142nieniu \u015bwiadczenia przez Sprzedawc\u0119 utraci prawo odst\u0105pienia od umowy.<\/strong><br \/>\nb) <strong>o dostarczanie tre\u015bci cyfrowych, kt\u00f3re nie s\u0105 zapisane na no\u015bniku materialnym, je\u017celi spe\u0142nianie \u015bwiadczenia rozpocz\u0119\u0142o si\u0119 za wyra\u017an\u0105 zgod\u0105 Konsumenta przed up\u0142ywem terminu do odst\u0105pienia od umowy i po poinformowaniu go przez przedsi\u0119biorc\u0119 o utracie prawa odst\u0105pienia od umowy<\/strong>.<\/li>\n<li>Prawo odst\u0105pienia od Umowy Sprzeda\u017cy przys\u0142uguje zar\u00f3wno Sprzedawcy, jak i Klientowi (Konsumentowi), w przypadku niewykonania przez drug\u0105 stron\u0119 umowy swojego zobowi\u0105zania w terminie \u015bci\u015ble okre\u015blonym.<\/li>\n<\/ol>\n<p><strong>\u00a7 8<\/strong> <strong>RODZAJ I ZAKRES US\u0141UG ELEKTRONICZNYCH<\/strong><\/p>\n<ol>\n<li>Us\u0142ugodawca umo\u017cliwia za po\u015brednictwem Sklepu korzystanie z Us\u0142ug Elektronicznych takich jak:\n<ol>\n<li>zawieranie Um\u00f3w Sprzeda\u017cy Produktu,<\/li>\n<li>wys\u0142anie wiadomo\u015bci za po\u015brednictwem Formularza Kontaktowego.<\/li>\n<\/ol>\n<\/li>\n<li>\u015awiadczenie Us\u0142ug Elektronicznych na rzecz Us\u0142ugobiorc\u00f3w w Sklepie odbywa si\u0119 na warunkach okre\u015blonych w Regulaminie.<\/li>\n<li>Us\u0142ugodawca ma prawo do zamieszczania na stronie internetowej Sklepu tre\u015bci reklamowych. Tre\u015bci te, stanowi\u0105 integraln\u0105 cz\u0119\u015b\u0107 Sklepu i prezentowanych w nim materia\u0142\u00f3w.<\/li>\n<\/ol>\n<p><strong>\u00a7 9<\/strong> <strong>WARUNKI \u015aWIADCZENIA I ZAWIERANIA UM\u00d3W O \u015aWIADCZENIE US\u0141UG ELEKTRONICZNYCH<\/strong><\/p>\n<ol>\n<li>\u015awiadczenie Us\u0142ug Elektronicznych okre\u015blonych w \u00a7 8 pkt 1 Regulaminu przez Us\u0142ugodawc\u0119 jest nieodp\u0142atne.<\/li>\n<li>Okres na jaki umowa zostaje zawarta:\n<ol>\n<li>umowa o \u015bwiadczenie Us\u0142ugi Elektronicznej polegaj\u0105cej na umo\u017cliwieniu z\u0142o\u017cenia Zam\u00f3wienia w Sklepie zawierana jest na czas oznaczony i ulega rozwi\u0105zaniu z chwil\u0105 z\u0142o\u017cenia Zam\u00f3wienia albo zaprzestania jego sk\u0142adania przez Us\u0142ugobiorc\u0119.<\/li>\n<li>umowa o \u015bwiadczenie Us\u0142ugi Elektronicznej polegaj\u0105cej na umo\u017cliwieniu wys\u0142aniu wiadomo\u015bci do Us\u0142ugodawcy za po\u015brednictwem Formularza Kontaktowego zawierana jest na czas oznaczony i ulega rozwi\u0105zaniu z chwil\u0105 wys\u0142ania wiadomo\u015bci albo zaprzestania jej wysy\u0142ania przez Us\u0142ugobiorc\u0119.<\/li>\n<\/ol>\n<\/li>\n<li>Wymagania techniczne niezb\u0119dne do wsp\u00f3\u0142pracy z systemem teleinformatycznym, kt\u00f3rym pos\u0142uguje si\u0119 Us\u0142ugodawca:\n<ol>\n<li>komputer (lub urz\u0105dzenie mobilne) z dost\u0119pem do Internetu,<\/li>\n<li>dost\u0119p do poczty elektronicznej,<\/li>\n<li>przegl\u0105darka internetowa,<\/li>\n<li>w\u0142\u0105czenie w przegl\u0105darce internetowej Cookies oraz Javascript.<\/li>\n<\/ol>\n<\/li>\n<li>Us\u0142ugobiorca zobowi\u0105zany jest do korzystania ze Sklepu w spos\u00f3b zgodny z prawem i dobrymi obyczajami maj\u0105c na uwadze poszanowanie d\u00f3br osobistych i praw w\u0142asno\u015bci intelektualnej os\u00f3b trzecich.<\/li>\n<li>Us\u0142ugobiorca zobowi\u0105zany jest do wprowadzania danych zgodnych ze stanem faktycznym.<\/li>\n<li>Us\u0142ugobiorc\u0119 obowi\u0105zuje zakaz dostarczania tre\u015bci o charakterze bezprawnym.<\/li>\n<\/ol>\n<p><strong>\u00a7 10<\/strong> <strong>REKLAMACJE ZWI\u0104ZANE ZE \u015aWIADCZENIEM US\u0141UG ELEKTRONICZNYCH<\/strong><\/p>\n<ol>\n<li>Reklamacje zwi\u0105zane ze \u015bwiadczeniem Us\u0142ug Elektronicznych za po\u015brednictwem Sklepu Us\u0142ugobiorca mo\u017ce sk\u0142ada\u0107 za po\u015brednictwem poczty elektronicznej na adres: <strong>kontakt@atrakcyjnyfacet.pl<\/strong><\/li>\n<li>W powy\u017cszej wiadomo\u015bci e-mail, nale\u017cy poda\u0107 jak najwi\u0119cej informacji i okoliczno\u015bci dotycz\u0105cych przedmiotu reklamacji, w szczeg\u00f3lno\u015bci rodzaj i dat\u0119 wyst\u0105pienia nieprawid\u0142owo\u015bci oraz dane kontaktowe. Podane informacje znacznie u\u0142atwi\u0105 i przyspiesz\u0105 rozpatrzenie reklamacji przez Us\u0142ugodawc\u0119.<\/li>\n<li>Rozpatrzenie reklamacji przez Us\u0142ugodawc\u0119 nast\u0119puje niezw\u0142ocznie, nie p\u00f3\u017aniej ni\u017c w terminie 14 dni od momentu zg\u0142oszenia.<\/li>\n<li>Odpowied\u017a Us\u0142ugodawcy w sprawie reklamacji jest wysy\u0142ana na adres e-mail Us\u0142ugobiorcy podany w zg\u0142oszeniu reklamacyjnym lub w inny podany przez Us\u0142ugobiorc\u0119 spos\u00f3b.<\/li>\n<\/ol>\n<p><strong>\u00a7 11<\/strong> <strong>W\u0141ASNO\u015a\u0106 INTELEKTUALNA<\/strong><\/p>\n<ol>\n<li>Wszystkie tre\u015bci zamieszczone na stronie internetowej pod adresem www.podejdz.pl korzystaj\u0105 z ochrony prawnoautorskiej i (z zastrze\u017ceniem \u00a7 11 pkt 3 oraz element\u00f3w wykorzystywanych na zasadzie licencji, przeniesienia praw autorskich lub dozwolonego u\u017cytku) s\u0105 w\u0142asno\u015bci\u0105 firmy CFSA58 SP\u00d3\u0141KA Z OGRANICZON\u0104 ODPOWIEDZIALNO\u015aCI\u0104 wpisanej do Centralnej Ewidencji i Informacji o Dzia\u0142alno\u015bci Gospodarczej Rzeczypospolitej Polskiej prowadzonej przez ministra w\u0142a\u015bciwego do spraw gospodarki, miejsce wykonywania dzia\u0142alno\u015bci oraz adres do dor\u0119cze\u0144: ul. Nowosielska 46\/32, 15-617 Bia\u0142ystok, NIP: 5423396278, REGON: 385653844, adres poczty elektronicznej (e-mail): kontakt@atrakcyjnyfacet.pl.<\/li>\n<li>Us\u0142ugobiorca ponosi pe\u0142n\u0105 odpowiedzialno\u015b\u0107 za szkod\u0119 wyrz\u0105dzon\u0105 Us\u0142ugodawcy, b\u0119d\u0105c\u0105 nast\u0119pstwem u\u017cycia jakiejkolwiek zawarto\u015bci strony www.podejdz.pl, bez zgody Us\u0142ugodawcy.<\/li>\n<li>Jakiekolwiek wykorzystanie przez kogokolwiek, bez wyra\u017anej pisemnej zgody Us\u0142ugodawcy, kt\u00f3regokolwiek z element\u00f3w sk\u0142adaj\u0105cych si\u0119 na tre\u015b\u0107 oraz zawarto\u015b\u0107 strony www.podejdz.pl stanowi naruszenie prawa autorskiego przys\u0142uguj\u0105cego Us\u0142ugodawcy i skutkuje odpowiedzialno\u015bci\u0105 cywilnoprawn\u0105 oraz karn\u0105.<\/li>\n<li>Wszystkie nazwy handlowe, nazwy Produkt\u00f3w, nazwy firm i ich logo u\u017cyte na stronie internetowej Sklepu pod adresem www.podejdz.pl nale\u017c\u0105 do ich w\u0142a\u015bcicieli i s\u0105 u\u017cywane wy\u0142\u0105cznie w celach identyfikacyjnych. Mog\u0105 by\u0107 one zastrze\u017conymi znakami towarowymi. Wszystkie materia\u0142y, opisy i zdj\u0119cia prezentowane na stronie internetowej Sklepu pod adresem www.podejdz.pl u\u017cyte s\u0105 w celach informacyjnych.<\/li>\n<\/ol>\n<p><strong>\u00a7 12<\/strong> <strong>POSTANOWIENIA KO\u0143COWE<\/strong><\/p>\n<ol>\n<li>Umowy zawierane poprzez Sklep zawierane s\u0105 zgodnie z prawem polskim.<\/li>\n<li>W przypadku niezgodno\u015bci jakiejkolwiek cz\u0119\u015bci Regulaminu z obowi\u0105zuj\u0105cym prawem, w miejsce zakwestionowanego przepisu Regulaminu zastosowanie maj\u0105 w\u0142a\u015bciwe przepisy prawa polskiego.<\/li>\n<li>Wszelkie spory wynik\u0142e z Um\u00f3w Sprzeda\u017cy mi\u0119dzy Sklepem, a Konsumentami b\u0119d\u0105 rozstrzygane w pierwszej kolejno\u015bci na drodze negocjacji, z intencj\u0105 polubownego zako\u0144czenia sporu, z uwzgl\u0119dnieniem ustawy o pozas\u0105dowym rozwi\u0105zywaniu spor\u00f3w konsumenckich. Je\u015bli jednak nie by\u0142oby to mo\u017cliwe, lub te\u017c by\u0142oby niesatysfakcjonuj\u0105ce dla kt\u00f3rejkolwiek ze stron, spory b\u0119d\u0105 rozstrzygane przez w\u0142a\u015bciwy s\u0105d powszechny, zgodnie z pkt 4 niniejszego paragrafu.<\/li>\n<li>Ewentualne spory powsta\u0142e pomi\u0119dzy Us\u0142ugodawc\u0105, a Us\u0142ugobiorc\u0105 (Klientem) b\u0119d\u0105cym jednocze\u015bnie Konsumentem zostaj\u0105 poddane s\u0105dom w\u0142a\u015bciwym zgodnie z przepisami kodeksu post\u0119powania cywilnego z dnia 17 listopada 1964 r.<\/li>\n<li>Klient b\u0119d\u0105cy Konsumentem ma r\u00f3wnie\u017c prawo do skorzystania z pozas\u0105dowych sposob\u00f3w rozstrzygania spor\u00f3w w szczeg\u00f3lno\u015bci poprzez z\u0142o\u017cenie po zako\u0144czeniu post\u0119powania reklamacyjnego wniosku o wszcz\u0119cie mediacji lub wniosku o rozpatrzenie sprawy przez s\u0105d polubowny (wniosek mo\u017cna pobra\u0107 na stronie internetowej http:\/\/www.uokik.gov.pl\/download.php?plik=6223). Wykaz Sta\u0142ych Polubownych S\u0105d\u00f3w Konsumenckich dzia\u0142aj\u0105cych przy Wojew\u00f3dzkich Inspektoratach Inspekcji Handlowej dost\u0119pny jest na stronie internetowej: http:\/\/www.uokik.gov.pl\/wazne_adresy.php#faq596. Konsument mo\u017ce skorzysta\u0107 tak\u017ce z bezp\u0142atnej pomocy powiatowego (miejskiego) rzecznika konsument\u00f3w lub organizacji spo\u0142ecznej, do kt\u00f3rej zada\u0144 statutowych nale\u017cy ochrona konsument\u00f3w.\u00a0Pozas\u0105dowe dochodzenie roszcze\u0144 po zako\u0144czeniu post\u0119powania reklamacyjnego jest bezp\u0142atne.<\/li>\n<li>Konsument w celu polubownego rozwi\u0105zania sporu mo\u017ce w szczeg\u00f3lno\u015bci z\u0142o\u017cy\u0107 skarg\u0119 za po\u015brednictwem platformy internetowej ODR (Online Dispute Resolution), dost\u0119pnej pod adresem:\u00a0http:\/\/ec.europa.eu\/consumers\/odr\/.<\/li>\n<\/ol>\n","protected":false},"excerpt":{"rendered":"<p>\u00a7 1 POSTANOWIENIA OG\u00d3LNE Sklep www.podejdz.pl dzia\u0142a na zasadach okre\u015blonych w niniejszym Regulaminie. Regulamin okre\u015bla warunki zawierania i rozwi\u0105zywania Um\u00f3w Sprzeda\u017cy\/Rezerwacji Produktu oraz tryb post\u0119powania reklamacyjnego, a tak\u017ce rodzaje i zakres us\u0142ug \u015bwiadczonych drog\u0105 elektroniczn\u0105 przez Sklep www.podejdz.pl, zasady \u015bwiadczenia tych us\u0142ug, warunki zawierania i rozwi\u0105zywania um\u00f3w o \u015bwiadczenie us\u0142ug drog\u0105 elektroniczn\u0105. Ka\u017cdy Us\u0142ugobiorca z [&hellip;]<\/p>\n","protected":false},"author":1,"featured_media":0,"parent":0,"menu_order":0,"comment_status":"closed","ping_status":"closed","template":"","meta":{"footnotes":""},"class_list":["post-22","page","type-page","status-publish","hentry"],"_links":{"self":[{"href":"https:\/\/atrakcyjnyfacet.pl\/podejdz-do-niej\/wp-json\/wp\/v2\/pages\/22","targetHints":{"allow":["GET"]}}],"collection":[{"href":"https:\/\/atrakcyjnyfacet.pl\/podejdz-do-niej\/wp-json\/wp\/v2\/pages"}],"about":[{"href":"https:\/\/atrakcyjnyfacet.pl\/podejdz-do-niej\/wp-json\/wp\/v2\/types\/page"}],"author":[{"embeddable":true,"href":"https:\/\/atrakcyjnyfacet.pl\/podejdz-do-niej\/wp-json\/wp\/v2\/users\/1"}],"replies":[{"embeddable":true,"href":"https:\/\/atrakcyjnyfacet.pl\/podejdz-do-niej\/wp-json\/wp\/v2\/comments?post=22"}],"version-history":[{"count":11,"href":"https:\/\/atrakcyjnyfacet.pl\/podejdz-do-niej\/wp-json\/wp\/v2\/pages\/22\/revisions"}],"predecessor-version":[{"id":349,"href":"https:\/\/atrakcyjnyfacet.pl\/podejdz-do-niej\/wp-json\/wp\/v2\/pages\/22\/revisions\/349"}],"wp:attachment":[{"href":"https:\/\/atrakcyjnyfacet.pl\/podejdz-do-niej\/wp-json\/wp\/v2\/media?parent=22"}],"curies":[{"name":"wp","href":"https:\/\/api.w.org\/{rel}","templated":true}]}}